{"id":4361,"date":"2024-03-20T13:02:19","date_gmt":"2024-03-20T10:02:19","guid":{"rendered":"https:\/\/www.erbaderi.com\/tr_TR\/?page_id=4361"},"modified":"2024-08-27T16:46:16","modified_gmt":"2024-08-27T13:46:16","slug":"hakkimizda","status":"publish","type":"page","link":"https:\/\/www.erbaderi.com\/tr_TR\/kurumsal\/hakkimizda","title":{"rendered":"Hakk\u0131m\u0131zda"},"content":{"rendered":"\n<p>T\u00fcrkiye\u2019nin kadim \u015fehirlerinden Erzurum\u2019da 1933 y\u0131l\u0131nda, k\u00fc\u00e7\u00fck bir at\u00f6lyede ba\u015flayan yolculu\u011fumuz, d\u00f6rt ku\u015fakt\u0131r s\u00fcregelen bir tutkunun eseri. Dedelerimizin, k\u00f6sele i\u015fleme sanat\u0131n\u0131 el eme\u011fi ve g\u00f6z nuru ile harmanlad\u0131\u011f\u0131 bu at\u00f6lye, o d\u00f6nemde \u00fclkemizin silahl\u0131 kuvvetlerine sa\u011flam ve dayan\u0131kl\u0131 botlar \u00fcretmek amac\u0131yla deri tedari\u011fi sa\u011flamak i\u00e7in faaliyete ge\u00e7ti.<\/p>\n\n\n\n<p>1982 y\u0131l\u0131nda, Bursa\u2019da kurumsalla\u015fma ad\u0131mlar\u0131n\u0131 atarak, modern bir deri i\u015fleme tesisi kurduk. Bug\u00fcn, tabaklama, retenaj ve finisaj i\u015flemlerini b\u00fcy\u00fck bir titizlikle ger\u00e7ekle\u015ftirerek, sadece T\u00fcrkiye\u2019de de\u011fil, uluslararas\u0131 pazarda da tan\u0131nan bir hammadde tedarik\u00e7isi konumuna ula\u015ft\u0131k. \u00d6zellikle bot \u00fcretimi alan\u0131nda, derimizin sa\u011flaml\u0131\u011f\u0131 ve kalitesiyle bir\u00e7ok markan\u0131n tercihi olduk.<\/p>\n\n\n\n<p>Bug\u00fcn, \u00fcretim s\u00fcrecimizin her a\u015famas\u0131nda titizlikle \u00e7al\u0131\u015farak, en y\u00fcksek kalitede deri hammaddesi imal etmekteyiz. \u00d6zellikle bot \u00fcretimi alan\u0131nda, dayan\u0131kl\u0131l\u0131\u011f\u0131 ve esnekli\u011fiyle bilinen derilerimiz, hem yerel hem de uluslararas\u0131 pazarda bir\u00e7ok prestijli markan\u0131n tercihi haline gelmi\u015ftir. Bizim i\u00e7in her bir deri par\u00e7as\u0131, sadece bir \u00fcr\u00fcn de\u011fil, tarihimizin, tecr\u00fcbelerimizin ve yenilik\u00e7i vizyonumuzun bir yans\u0131mas\u0131d\u0131r.<\/p>\n\n\n\n<p>K\u00f6kl\u00fc ge\u00e7mi\u015fimizden ald\u0131\u011f\u0131m\u0131z g\u00fc\u00e7le, gelece\u011fe g\u00fcvenle bakmakta, d\u00f6rt ku\u015fakt\u0131r s\u00fcregelen bu miras\u0131, modern tekniklerle birle\u015ftirerek, sekt\u00f6rde \u00f6nc\u00fc olma yolunda emin ad\u0131mlarla ilerlemekteyiz. \u00dcretti\u011fimiz her \u00fcr\u00fcn\u00fc, dedelerimizden ald\u0131\u011f\u0131m\u0131z miras\u0131, torunlar\u0131m\u0131za ta\u015f\u0131ma sorumlulu\u011funun bilinciyle \u015fekillenmektedir.<\/p>\n\n\n\n<p>Gelecekte de, kaliteli \u00fcr\u00fcnlerimizle sekt\u00f6rde fark yaratmaya, de\u011ferlerimizle markam\u0131z\u0131 g\u00fc\u00e7lendirmeye devam edece\u011fiz. Bizim i\u00e7in deri, sadece bir malzeme de\u011fil; k\u00f6kl\u00fc bir gelene\u011fin, sayg\u0131n\u0131n ve ba\u011fl\u0131l\u0131\u011f\u0131n bir simgesidir. Bu y\u00fczden her bir par\u00e7am\u0131z, ge\u00e7mi\u015fin izlerini ta\u015f\u0131rken, yenilik\u00e7i anlay\u0131\u015f\u0131m\u0131zla gelece\u011fe k\u00f6pr\u00fc kurmaktad\u0131r.<\/p>\n\n\n\n<div class=\"wp-block-columns is-layout-flex wp-container-core-columns-layout-1 wp-block-columns-is-layout-flex\">\n<div class=\"wp-block-column is-layout-flow wp-block-column-is-layout-flow\"><\/div>\n\n\n\n<div class=\"wp-block-column is-layout-flow wp-block-column-is-layout-flow\"><\/div>\n<\/div>\n","protected":false},"excerpt":{"rendered":"<p>T\u00fcrkiye\u2019nin kadim \u015fehirlerinden Erzurum\u2019da 1933 y\u0131l\u0131nda, k\u00fc\u00e7\u00fck bir at\u00f6lyede ba\u015flayan yolculu\u011fumuz, d\u00f6rt ku\u015fakt\u0131r s\u00fcregelen bir tutkunun eseri. Dedelerimizin, k\u00f6sele i\u015fleme sanat\u0131n\u0131 el eme\u011fi ve g\u00f6z nuru ile harmanlad\u0131\u011f\u0131 bu at\u00f6lye, o d\u00f6nemde \u00fclkemizin silahl\u0131 kuvvetlerine sa\u011flam ve dayan\u0131kl\u0131 botlar \u00fcretmek amac\u0131yla deri tedari\u011fi sa\u011flamak i\u00e7in faaliyete ge\u00e7ti. 1982 y\u0131l\u0131nda, Bursa\u2019da kurumsalla\u015fma ad\u0131mlar\u0131n\u0131 atarak, modern bir [&hellip;]<\/p>\n","protected":false},"author":2,"featured_media":0,"parent":4359,"menu_order":0,"comment_status":"closed","ping_status":"closed","template":"","meta":{"footnotes":""},"_links":{"self":[{"href":"https:\/\/www.erbaderi.com\/tr_TR\/wp-json\/wp\/v2\/pages\/4361"}],"collection":[{"href":"https:\/\/www.erbaderi.com\/tr_TR\/wp-json\/wp\/v2\/pages"}],"about":[{"href":"https:\/\/www.erbaderi.com\/tr_TR\/wp-json\/wp\/v2\/types\/page"}],"author":[{"embeddable":true,"href":"https:\/\/www.erbaderi.com\/tr_TR\/wp-json\/wp\/v2\/users\/2"}],"replies":[{"embeddable":true,"href":"https:\/\/www.erbaderi.com\/tr_TR\/wp-json\/wp\/v2\/comments?post=4361"}],"version-history":[{"count":7,"href":"https:\/\/www.erbaderi.com\/tr_TR\/wp-json\/wp\/v2\/pages\/4361\/revisions"}],"predecessor-version":[{"id":4751,"href":"https:\/\/www.erbaderi.com\/tr_TR\/wp-json\/wp\/v2\/pages\/4361\/revisions\/4751"}],"up":[{"embeddable":true,"href":"https:\/\/www.erbaderi.com\/tr_TR\/wp-json\/wp\/v2\/pages\/4359"}],"wp:attachment":[{"href":"https:\/\/www.erbaderi.com\/tr_TR\/wp-json\/wp\/v2\/media?parent=4361"}],"curies":[{"name":"wp","href":"https:\/\/api.w.org\/{rel}","templated":true}]}}